{"id":11,"date":"2026-04-19T07:05:15","date_gmt":"2026-04-19T07:05:15","guid":{"rendered":"https:\/\/s8tv.studio\/?page_id=11"},"modified":"2026-04-20T08:47:11","modified_gmt":"2026-04-20T08:47:11","slug":"uu88","status":"publish","type":"page","link":"https:\/\/s8tv.studio\/","title":{"rendered":"UU88"},"content":{"rendered":"\n\t<section class=\"section red-card1\" id=\"section_1154115185\">\n\t\t<div class=\"section-bg fill\" >\n\t\t\t\t\t\t\t\t\t\n\t\t\t\n\n\t\t<\/div>\n\n\t\t\n\n\t\t<div class=\"section-content relative\">\n\t\t\t\n<div class=\"row row-collapse align-equal\"  id=\"row-2024611810\">\n\n\t<div id=\"col-1415575075\" class=\"col medium-6 small-12 large-6\"  >\n\t\t\t\t<div class=\"col-inner\"  >\n\t\t\t\n\t\t\t\n<p class=\"red-card\" style=\"padding-left: 15px;\">Giao di\u1ec7n m\u1edbi c\u1ee7a S8 TV Live Tr\u1ef1c Ti\u1ebfp B\u00f3ng \u0110\u00e1<\/p>\n<h1 data-line-height=\"l\"><b>S8TV Online Ph\u00e1t S\u00f3ng Tr\u1ef1c Ti\u1ebfp B\u00f3ng \u0110\u00e1 H\u1ea5p D\u1eabn Nh\u1ea5t<\/b><\/h1>\n<p>Lorem ipsum dolor sit amet, consectetuer adipiscing elit, sed diam nonummy nibh euismod tincidunt ut laoreet dolore magna aliquam erat volutpat.<\/p>\n<a class=\"button primary expand\"  style=\"border-radius:10px;\">\n\t\t<span>\u0110\u0102NG K\u00dd +88K<\/span>\n\t<\/a>\n\n<a class=\"button primary expand\"  style=\"border-radius:10px;\">\n\t\t<span>\u0110\u0102NG NH\u1eacP NGAY<\/span>\n\t<\/a>\n\n\t<div id=\"stack-2202472623\" class=\"stack stack-row justify-start items-stretch\">\n\t\t\n\t<div id=\"text-3882261726\" class=\"text red-card\">\n\t\t\n<p style=\"padding:10px\">\u26a1 N\u1ea1p r\u00fat nhanh<\/p>\n\t\t\t<\/div>\n\t\n\t<div id=\"text-669862541\" class=\"text red-card\">\n\t\t\n<p style=\"padding:10px\">\ud83d\udd34 Live odds r\u00f5 r\u00e0ng<\/p>\n\t\t\t<\/div>\n\t\n\t<div id=\"text-2304592182\" class=\"text red-card\">\n\t\t\n<p style=\"padding:10px\">\ud83d\udcf1 Chu\u1ea9n mobile first<\/p>\n\t\t\t<\/div>\n\t\n\t\t\n<style>\n#stack-2202472623 > * {\n  --stack-gap: 0.25rem;\n}\n<\/style>\n\t<\/div>\n\t\n\t\t<\/div>\n\t\t\t\t\n<style>\n#col-1415575075 > .col-inner {\n  padding: 10px 10px 10px 10px;\n}\n<\/style>\n\t<\/div>\n\n\t\n\n\t<div id=\"col-1603242703\" class=\"col red-card medium-6 small-12 large-6\"  >\n\t\t\t\t<div class=\"col-inner\"  >\n\t\t\t\n\t\t\t\n\t<div id=\"text-47339622\" class=\"text\">\n\t\t\n<p><span data-text-color=\"primary\">DANH M\u1ee4C HOT T\u1ea0I S8TV<\/span><\/p>\n<h4>\u00a0Nh\u1eefng danh m\u1ee5c hot nh\u1ea5t t\u1ea1i S8 TV Ph\u00e1t Tr\u1ef1c Ti\u1ebfp B\u00f3ng \u0110\u00e1<\/h4>\n\t\t\n<style>\n#text-47339622 {\n  line-height: 1.1;\n}\n@media (min-width:550px) {\n  #text-47339622 {\n    line-height: 1;\n  }\n}\n<\/style>\n\t<\/div>\n\t\n<div class=\"row\"  id=\"row-1032146991\">\n\n\t<div id=\"col-1361702202\" class=\"col medium-6 small-12 large-6\"  >\n\t\t\t\t<div class=\"col-inner\"  >\n\t\t\t\n\t\t\t\n\t<div class=\"img has-hover x md-x lg-x y md-y lg-y\" id=\"image_1807199391\">\n\t\t\t\t\t\t\t\t<div class=\"img-inner dark\" >\n\t\t\t<img loading=\"lazy\" decoding=\"async\" width=\"885\" height=\"1024\" src=\"https:\/\/s8tv.studio\/wp-content\/uploads\/2026\/04\/vsbetk-885x1024.webp\" class=\"attachment-large size-large\" alt=\"\" srcset=\"https:\/\/s8tv.studio\/wp-content\/uploads\/2026\/04\/vsbetk-885x1024.webp 885w, https:\/\/s8tv.studio\/wp-content\/uploads\/2026\/04\/vsbetk-259x300.webp 259w, https:\/\/s8tv.studio\/wp-content\/uploads\/2026\/04\/vsbetk-768x888.webp 768w, https:\/\/s8tv.studio\/wp-content\/uploads\/2026\/04\/vsbetk.webp 1328w\" sizes=\"auto, (max-width: 885px) 100vw, 885px\" \/>\t\t\t\t\t\t\n\t\t\t\t\t<\/div>\n\t\t\t\t\t\t\t\t\n<style>\n#image_1807199391 {\n  width: 100%;\n}\n<\/style>\n\t<\/div>\n\t\n\t\t<\/div>\n\t\t\t\t\t<\/div>\n\n\t\n\n\t<div id=\"col-131768117\" class=\"col medium-6 small-12 large-6\"  >\n\t\t\t\t<div class=\"col-inner\"  >\n\t\t\t\n\t\t\t\n\t<div id=\"stack-3144140161\" class=\"stack stack-col justify-start items-stretch\">\n\t\t\n\n\t\t<div class=\"icon-box featured-box icon_right icon-box-top text-left\"  >\n\t\t\t\t<div class=\"icon-box-text last-reset\">\n\t\t\t\t\t\t\t\t\t\n\t<div id=\"text-973483806\" class=\"text\">\n\t\t\n<p><strong>\u01afu \u0111\u00e3i h\u1ea5p d\u1eabn<\/strong><\/p>\n<h4><strong>T\u1eb7ng qu\u00e0 t\u00e2n th\u1ee7<\/strong><\/h4>\n<p class=\"uppercase\"><span data-text-color=\"primary\"><strong>+100%<\/strong><\/span><\/p>\n<p>D\u00e0nh cho h\u1ed9i vi\u00ean trqri nghi\u1ec7m s\u1ea3n ph\u1ea9m c\u1ee7a S8<\/p>\n\t\t\n<style>\n#text-973483806 {\n  line-height: 1.05;\n}\n<\/style>\n\t<\/div>\n\t\n\t\t<\/div>\n\t<\/div>\n\t\n\t\n\n\t\t<div class=\"icon-box featured-box icon_right icon-box-top text-left\"  >\n\t\t\t\t<div class=\"icon-box-text last-reset\">\n\t\t\t\t\t\t\t\t\t\n\t<div id=\"text-3944707272\" class=\"text\">\n\t\t\n<p><strong>QR \/ App<\/strong><\/p>\n<h4><strong>T\u1ea3i v\u1ec1 xem tr\u1ef1c ti\u1ebfp b\u00f3ng \u0111\u00e1 S8<\/strong><\/h4>\n\t\t\n<style>\n#text-3944707272 {\n  line-height: 1.05;\n}\n<\/style>\n\t<\/div>\n\t\n\t<div class=\"img has-hover x md-x lg-x y md-y lg-y\" id=\"image_824332799\">\n\t\t\t\t\t\t\t\t<div class=\"img-inner dark\" >\n\t\t\t<img loading=\"lazy\" decoding=\"async\" width=\"1020\" height=\"234\" src=\"https:\/\/s8tv.studio\/wp-content\/uploads\/2026\/04\/ax-1024x235.png\" class=\"attachment-large size-large\" alt=\"\" srcset=\"https:\/\/s8tv.studio\/wp-content\/uploads\/2026\/04\/ax-1024x235.png 1024w, https:\/\/s8tv.studio\/wp-content\/uploads\/2026\/04\/ax-300x69.png 300w, https:\/\/s8tv.studio\/wp-content\/uploads\/2026\/04\/ax-768x176.png 768w, https:\/\/s8tv.studio\/wp-content\/uploads\/2026\/04\/ax-1536x352.png 1536w, https:\/\/s8tv.studio\/wp-content\/uploads\/2026\/04\/ax-2048x469.png 2048w\" sizes=\"auto, (max-width: 1020px) 100vw, 1020px\" \/>\t\t\t\t\t\t\n\t\t\t\t\t<\/div>\n\t\t\t\t\t\t\t\t\n<style>\n#image_824332799 {\n  width: 100%;\n}\n<\/style>\n\t<\/div>\n\t\n\t\t<\/div>\n\t<\/div>\n\t\n\t\n\t\t\n<style>\n#stack-3144140161 > * {\n  --stack-gap: 1.25rem;\n}\n<\/style>\n\t<\/div>\n\t\n\t\t<\/div>\n\t\t\t\t\t<\/div>\n\n\t\n<\/div>\n\t\t<\/div>\n\t\t\t\t\n<style>\n#col-1603242703 > .col-inner {\n  padding: 10px 10px 10px 10px;\n}\n<\/style>\n\t<\/div>\n\n\t\n<\/div>\n\t\t<\/div>\n\n\t\t\n<style>\n#section_1154115185 {\n  padding-top: 30px;\n  padding-bottom: 30px;\n}\n<\/style>\n\t<\/section>\n\t\n","protected":false},"excerpt":{"rendered":"","protected":false},"author":1,"featured_media":0,"parent":0,"menu_order":0,"comment_status":"closed","ping_status":"closed","template":"page-blank.php","meta":{"footnotes":""},"class_list":["post-11","page","type-page","status-publish","hentry"],"_links":{"self":[{"href":"https:\/\/s8tv.studio\/index.php\/wp-json\/wp\/v2\/pages\/11","targetHints":{"allow":["GET"]}}],"collection":[{"href":"https:\/\/s8tv.studio\/index.php\/wp-json\/wp\/v2\/pages"}],"about":[{"href":"https:\/\/s8tv.studio\/index.php\/wp-json\/wp\/v2\/types\/page"}],"author":[{"embeddable":true,"href":"https:\/\/s8tv.studio\/index.php\/wp-json\/wp\/v2\/users\/1"}],"replies":[{"embeddable":true,"href":"https:\/\/s8tv.studio\/index.php\/wp-json\/wp\/v2\/comments?post=11"}],"version-history":[{"count":25,"href":"https:\/\/s8tv.studio\/index.php\/wp-json\/wp\/v2\/pages\/11\/revisions"}],"predecessor-version":[{"id":96,"href":"https:\/\/s8tv.studio\/index.php\/wp-json\/wp\/v2\/pages\/11\/revisions\/96"}],"wp:attachment":[{"href":"https:\/\/s8tv.studio\/index.php\/wp-json\/wp\/v2\/media?parent=11"}],"curies":[{"name":"wp","href":"https:\/\/api.w.org\/{rel}","templated":true}]}}